{"id":95,"date":"2020-05-08T22:06:29","date_gmt":"2020-05-08T20:06:29","guid":{"rendered":"http:\/\/vintage-watches.info\/?page_id=95"},"modified":"2021-03-24T20:58:35","modified_gmt":"2021-03-24T19:58:35","slug":"montres-et-mouvements-quartz","status":"publish","type":"page","link":"https:\/\/vintage-watches.info\/?page_id=95","title":{"rendered":"Mouvements Quartz"},"content":{"rendered":"\n<p>Vintages Watches dispose d&rsquo;un grand nombres de mouvements Quartz d&rsquo;\u00e9poque ou r\u00e9cents ainsi que de pi\u00e8ces : ADEC (Citizen),  Ronda,  Myota,  ETA,  France Ebauches&#8230;.<\/p>\n\n\n\n<p>Essayer d&rsquo;identifier votre mouvement dans notre Encyclop\u00e9die via le masque recherche.<\/p>\n\n\n\n<p>N&rsquo;h\u00e9sitez pas \u00e0 nous contacter afin de vous aider \u00e0 restaurer votre quartz .<\/p>\n\n\n\n<p><\/p>\n","protected":false},"excerpt":{"rendered":"<p>Vintages Watches dispose d&rsquo;un grand nombres de mouvements Quartz d&rsquo;\u00e9poque ou r\u00e9cents ainsi que de pi\u00e8ces : ADEC (Citizen), Ronda, Myota, ETA, France Ebauches&#8230;. Essayer d&rsquo;identifier votre mouvement dans notre Encyclop\u00e9die via le masque recherche. N&rsquo;h\u00e9sitez pas \u00e0 nous contacter afin de vous aider \u00e0 restaurer votre quartz .<\/p>\n","protected":false},"author":2,"featured_media":0,"parent":0,"menu_order":0,"comment_status":"closed","ping_status":"closed","template":"","meta":{"footnotes":""},"class_list":["post-95","page","type-page","status-publish","hentry"],"jetpack_sharing_enabled":true,"_links":{"self":[{"href":"https:\/\/vintage-watches.info\/index.php?rest_route=\/wp\/v2\/pages\/95","targetHints":{"allow":["GET"]}}],"collection":[{"href":"https:\/\/vintage-watches.info\/index.php?rest_route=\/wp\/v2\/pages"}],"about":[{"href":"https:\/\/vintage-watches.info\/index.php?rest_route=\/wp\/v2\/types\/page"}],"author":[{"embeddable":true,"href":"https:\/\/vintage-watches.info\/index.php?rest_route=\/wp\/v2\/users\/2"}],"replies":[{"embeddable":true,"href":"https:\/\/vintage-watches.info\/index.php?rest_route=%2Fwp%2Fv2%2Fcomments&post=95"}],"version-history":[{"count":4,"href":"https:\/\/vintage-watches.info\/index.php?rest_route=\/wp\/v2\/pages\/95\/revisions"}],"predecessor-version":[{"id":151,"href":"https:\/\/vintage-watches.info\/index.php?rest_route=\/wp\/v2\/pages\/95\/revisions\/151"}],"wp:attachment":[{"href":"https:\/\/vintage-watches.info\/index.php?rest_route=%2Fwp%2Fv2%2Fmedia&parent=95"}],"curies":[{"name":"wp","href":"https:\/\/api.w.org\/{rel}","templated":true}]}}