{"id":89,"date":"2019-06-16T10:14:20","date_gmt":"2019-06-16T08:14:20","guid":{"rendered":"http:\/\/vintage-watches.info\/?page_id=89"},"modified":"2021-03-14T15:42:20","modified_gmt":"2021-03-14T14:42:20","slug":"nos-bracelets","status":"publish","type":"page","link":"https:\/\/vintage-watches.info\/?page_id=89","title":{"rendered":"Nos bracelets"},"content":{"rendered":"\n<p>Vintage Watches peut vous proposer des bracelets afin de remplacer vos cuirs abim\u00e9s ainsi que barrettes, boucles et fermoirs.<\/p>\n\n\n\n<p>Nous disposons d&rsquo;un petit stock mais nous pouvons aussi vous faire fabriquer dans une prestigieuse manufacture des pi\u00e8ces uniques en veau, crocodile, ca\u00efman, galuchat (raie), autruche ou encore en l\u00e9zard selon le mod\u00e8le. <\/p>\n","protected":false},"excerpt":{"rendered":"<p>Vintage Watches peut vous proposer des bracelets afin de remplacer vos cuirs abim\u00e9s ainsi que barrettes, boucles et fermoirs. Nous disposons d&rsquo;un petit stock mais nous pouvons aussi vous faire fabriquer dans une prestigieuse manufacture des pi\u00e8ces uniques en veau, crocodile, ca\u00efman, galuchat (raie), autruche ou encore en l\u00e9zard selon le mod\u00e8le.<\/p>\n","protected":false},"author":2,"featured_media":0,"parent":0,"menu_order":0,"comment_status":"closed","ping_status":"closed","template":"","meta":{"footnotes":""},"class_list":["post-89","page","type-page","status-publish","hentry"],"jetpack_sharing_enabled":true,"_links":{"self":[{"href":"https:\/\/vintage-watches.info\/index.php?rest_route=\/wp\/v2\/pages\/89","targetHints":{"allow":["GET"]}}],"collection":[{"href":"https:\/\/vintage-watches.info\/index.php?rest_route=\/wp\/v2\/pages"}],"about":[{"href":"https:\/\/vintage-watches.info\/index.php?rest_route=\/wp\/v2\/types\/page"}],"author":[{"embeddable":true,"href":"https:\/\/vintage-watches.info\/index.php?rest_route=\/wp\/v2\/users\/2"}],"replies":[{"embeddable":true,"href":"https:\/\/vintage-watches.info\/index.php?rest_route=%2Fwp%2Fv2%2Fcomments&post=89"}],"version-history":[{"count":2,"href":"https:\/\/vintage-watches.info\/index.php?rest_route=\/wp\/v2\/pages\/89\/revisions"}],"predecessor-version":[{"id":120,"href":"https:\/\/vintage-watches.info\/index.php?rest_route=\/wp\/v2\/pages\/89\/revisions\/120"}],"wp:attachment":[{"href":"https:\/\/vintage-watches.info\/index.php?rest_route=%2Fwp%2Fv2%2Fmedia&parent=89"}],"curies":[{"name":"wp","href":"https:\/\/api.w.org\/{rel}","templated":true}]}}