{"id":6,"date":"2018-12-07T21:53:53","date_gmt":"2018-12-07T20:53:53","guid":{"rendered":"http:\/\/vintage-watches.info\/?page_id=6"},"modified":"2025-02-11T21:04:22","modified_gmt":"2025-02-11T20:04:22","slug":"vintages-watches-la-passion-de-lhorlogerie","status":"publish","type":"page","link":"https:\/\/vintage-watches.info\/","title":{"rendered":"VINTAGE WATCHES : Identifier puis restaurer !"},"content":{"rendered":"\n<p>Forts d&rsquo;une solide exp\u00e9rience dans le domaine de l&rsquo;horlogerie Suisse, Vintage Watches essaie de r\u00e9pondre \u00e0 toutes vos demandes de restauration de montres et, tout sp\u00e9cialement, dans la restauration de chronographes anciens de type Landeron, Venus et Valjoux.<\/p>\n\n\n\n<p>Cette entreprise, toute jeune, a comme principe la satisfaction de vos attentes dans le respect des d\u00e9lais, une \u00e9tude minutieuse et approfondie de votre demande, la prolongation du savoir ancestral Horloger en redonnant vie \u00e0 votre garde-temps.<\/p>\n\n\n\n<p>Gr\u00e2ce \u00e0 toutes ces ann\u00e9es d&rsquo;exp\u00e9riences dans l&rsquo;Horlogerie Suisse et encadr\u00e9 de collaborateurs form\u00e9s et de fournisseurs qualifi\u00e9s, Vintages Watches, a su d\u00e9velopper avec contr\u00f4le qualit\u00e9 rigoureux, une activit\u00e9 de restauration et de fabrication de pi\u00e8ces destin\u00e9es \u00e0 ces vieux chronographes.&nbsp;<\/p>\n\n\n\n<p>Pour pouvoir r\u00e9pondre aux nombreuses demandes de nos clients exigeants, Vintage Watches, a su convaincre par la fabrication de mod\u00e8le unique, sur demande.<\/p>\n\n\n\n<p>Enfin, pour pouvoir identifier afin de restaurer votre vieux calibre, utiliser notre <a href=\"https:\/\/vintage-watches.info\/?p=136\">Encyclop\u00e9die<\/a> !<\/p>\n\n\n\n<p><\/p>\n","protected":false},"excerpt":{"rendered":"<p>Forts d&rsquo;une solide exp\u00e9rience dans le domaine de l&rsquo;horlogerie Suisse, Vintage Watches essaie de r\u00e9pondre \u00e0 toutes vos demandes de restauration de montres et, tout sp\u00e9cialement, dans la restauration de chronographes anciens de type Landeron, Venus et Valjoux. Cette entreprise, toute jeune, a comme principe la satisfaction de vos attentes dans le respect des d\u00e9lais, &hellip; <\/p>\n<p class=\"link-more\"><a href=\"https:\/\/vintage-watches.info\/\" class=\"more-link\">Continuer la lecture<span class=\"screen-reader-text\"> de &laquo;&nbsp;VINTAGE WATCHES : Identifier puis restaurer !&nbsp;&raquo;<\/span><\/a><\/p>\n","protected":false},"author":2,"featured_media":20,"parent":0,"menu_order":0,"comment_status":"closed","ping_status":"closed","template":"","meta":{"footnotes":""},"class_list":["post-6","page","type-page","status-publish","has-post-thumbnail","hentry"],"jetpack_sharing_enabled":true,"_links":{"self":[{"href":"https:\/\/vintage-watches.info\/index.php?rest_route=\/wp\/v2\/pages\/6","targetHints":{"allow":["GET"]}}],"collection":[{"href":"https:\/\/vintage-watches.info\/index.php?rest_route=\/wp\/v2\/pages"}],"about":[{"href":"https:\/\/vintage-watches.info\/index.php?rest_route=\/wp\/v2\/types\/page"}],"author":[{"embeddable":true,"href":"https:\/\/vintage-watches.info\/index.php?rest_route=\/wp\/v2\/users\/2"}],"replies":[{"embeddable":true,"href":"https:\/\/vintage-watches.info\/index.php?rest_route=%2Fwp%2Fv2%2Fcomments&post=6"}],"version-history":[{"count":13,"href":"https:\/\/vintage-watches.info\/index.php?rest_route=\/wp\/v2\/pages\/6\/revisions"}],"predecessor-version":[{"id":1153,"href":"https:\/\/vintage-watches.info\/index.php?rest_route=\/wp\/v2\/pages\/6\/revisions\/1153"}],"wp:featuredmedia":[{"embeddable":true,"href":"https:\/\/vintage-watches.info\/index.php?rest_route=\/wp\/v2\/media\/20"}],"wp:attachment":[{"href":"https:\/\/vintage-watches.info\/index.php?rest_route=%2Fwp%2Fv2%2Fmedia&parent=6"}],"curies":[{"name":"wp","href":"https:\/\/api.w.org\/{rel}","templated":true}]}}