{"id":44,"date":"2018-12-08T22:45:59","date_gmt":"2018-12-08T21:45:59","guid":{"rendered":"http:\/\/vintage-watches.info\/?page_id=44"},"modified":"2021-03-14T15:35:05","modified_gmt":"2021-03-14T14:35:05","slug":"nos-fournitures","status":"publish","type":"page","link":"https:\/\/vintage-watches.info\/?page_id=44","title":{"rendered":"Nos Fournitures"},"content":{"rendered":"\n<p>Vintage Watches, vous propose un ensemble de fournitures destin\u00e9es \u00e0 la r\u00e9paration de vos chronographes ou au remplacement de composants r\u00e9cents.<\/p>\n\n\n\n<p>Grace \u00e0 ses m\u00e9thodes de restaurations de composants acquise par sa lourde exp\u00e9rience dans le domaine de l&rsquo;horlogerie, Vintage Watches peut vous proposer des composants rares remis en \u00e9tat ( traitement anti- oxydables, Nickelages, etc, \u2026) ou gr\u00e2ce \u00e0 ses partenaires avec qui Vintage Watches a su s&rsquo;entourer, vous proposer des composants nouveaux provenant de vieux stock horloger (NOS).<\/p>\n","protected":false},"excerpt":{"rendered":"<p>Vintage Watches, vous propose un ensemble de fournitures destin\u00e9es \u00e0 la r\u00e9paration de vos chronographes ou au remplacement de composants r\u00e9cents. Grace \u00e0 ses m\u00e9thodes de restaurations de composants acquise par sa lourde exp\u00e9rience dans le domaine de l&rsquo;horlogerie, Vintage Watches peut vous proposer des composants rares remis en \u00e9tat ( traitement anti- oxydables, Nickelages, &hellip; <\/p>\n<p class=\"link-more\"><a href=\"https:\/\/vintage-watches.info\/?page_id=44\" class=\"more-link\">Continuer la lecture<span class=\"screen-reader-text\"> de &laquo;&nbsp;Nos Fournitures&nbsp;&raquo;<\/span><\/a><\/p>\n","protected":false},"author":2,"featured_media":20,"parent":0,"menu_order":1,"comment_status":"closed","ping_status":"closed","template":"portfolio-page.php","meta":{"footnotes":""},"class_list":["post-44","page","type-page","status-publish","has-post-thumbnail","hentry"],"jetpack_sharing_enabled":true,"_links":{"self":[{"href":"https:\/\/vintage-watches.info\/index.php?rest_route=\/wp\/v2\/pages\/44","targetHints":{"allow":["GET"]}}],"collection":[{"href":"https:\/\/vintage-watches.info\/index.php?rest_route=\/wp\/v2\/pages"}],"about":[{"href":"https:\/\/vintage-watches.info\/index.php?rest_route=\/wp\/v2\/types\/page"}],"author":[{"embeddable":true,"href":"https:\/\/vintage-watches.info\/index.php?rest_route=\/wp\/v2\/users\/2"}],"replies":[{"embeddable":true,"href":"https:\/\/vintage-watches.info\/index.php?rest_route=%2Fwp%2Fv2%2Fcomments&post=44"}],"version-history":[{"count":3,"href":"https:\/\/vintage-watches.info\/index.php?rest_route=\/wp\/v2\/pages\/44\/revisions"}],"predecessor-version":[{"id":119,"href":"https:\/\/vintage-watches.info\/index.php?rest_route=\/wp\/v2\/pages\/44\/revisions\/119"}],"wp:featuredmedia":[{"embeddable":true,"href":"https:\/\/vintage-watches.info\/index.php?rest_route=\/wp\/v2\/media\/20"}],"wp:attachment":[{"href":"https:\/\/vintage-watches.info\/index.php?rest_route=%2Fwp%2Fv2%2Fmedia&parent=44"}],"curies":[{"name":"wp","href":"https:\/\/api.w.org\/{rel}","templated":true}]}}