{"id":121,"date":"2021-03-14T15:50:07","date_gmt":"2021-03-14T14:50:07","guid":{"rendered":"https:\/\/vintage-watches.info\/?page_id=121"},"modified":"2021-03-14T16:27:16","modified_gmt":"2021-03-14T15:27:16","slug":"nos-produits","status":"publish","type":"page","link":"https:\/\/vintage-watches.info\/?page_id=121","title":{"rendered":"Nos Produits"},"content":{"rendered":"\n<p>Parmi les nombreux produits propos\u00e9s, certains sont issus de vieux stock horloger.<\/p>\n\n\n\n<p>Nous faisons le maximum afin de restaurer et garantir nos composants fournis malgr\u00e9 un \u00e9tat \u00e0 r\u00e9ception parfois d\u00e9plorable !<\/p>\n\n\n\n<p>Pour ne pas d\u00e9naturer une montre de collection, nous vous proposons aussi bien des produits neufs qu&rsquo;anciens.<\/p>\n","protected":false},"excerpt":{"rendered":"<p>Parmi les nombreux produits propos\u00e9s, certains sont issus de vieux stock horloger. Nous faisons le maximum afin de restaurer et garantir nos composants fournis malgr\u00e9 un \u00e9tat \u00e0 r\u00e9ception parfois d\u00e9plorable ! Pour ne pas d\u00e9naturer une montre de collection, nous vous proposons aussi bien des produits neufs qu&rsquo;anciens.<\/p>\n","protected":false},"author":2,"featured_media":0,"parent":0,"menu_order":0,"comment_status":"closed","ping_status":"closed","template":"","meta":{"footnotes":""},"class_list":["post-121","page","type-page","status-publish","hentry"],"jetpack_sharing_enabled":true,"_links":{"self":[{"href":"https:\/\/vintage-watches.info\/index.php?rest_route=\/wp\/v2\/pages\/121","targetHints":{"allow":["GET"]}}],"collection":[{"href":"https:\/\/vintage-watches.info\/index.php?rest_route=\/wp\/v2\/pages"}],"about":[{"href":"https:\/\/vintage-watches.info\/index.php?rest_route=\/wp\/v2\/types\/page"}],"author":[{"embeddable":true,"href":"https:\/\/vintage-watches.info\/index.php?rest_route=\/wp\/v2\/users\/2"}],"replies":[{"embeddable":true,"href":"https:\/\/vintage-watches.info\/index.php?rest_route=%2Fwp%2Fv2%2Fcomments&post=121"}],"version-history":[{"count":3,"href":"https:\/\/vintage-watches.info\/index.php?rest_route=\/wp\/v2\/pages\/121\/revisions"}],"predecessor-version":[{"id":128,"href":"https:\/\/vintage-watches.info\/index.php?rest_route=\/wp\/v2\/pages\/121\/revisions\/128"}],"wp:attachment":[{"href":"https:\/\/vintage-watches.info\/index.php?rest_route=%2Fwp%2Fv2%2Fmedia&parent=121"}],"curies":[{"name":"wp","href":"https:\/\/api.w.org\/{rel}","templated":true}]}}